{"id":924,"date":"2018-10-03T15:13:54","date_gmt":"2018-10-03T15:13:54","guid":{"rendered":"https:\/\/www.yoga-sophrologie-taichi.fr\/newindex.php\/?page_id=924"},"modified":"2026-03-13T14:14:50","modified_gmt":"2026-03-13T14:14:50","slug":"ateliers-2","status":"publish","type":"page","link":"https:\/\/www.yoga-sophrologie-taichi.fr\/newindex.php\/ateliers-2\/","title":{"rendered":"ATELIERS 2025-2026"},"content":{"rendered":"\n<h2 class=\"wp-block-heading has-text-align-center\"><\/h2>\n\n\n<h3 style=\"text-align: center;\">Des ateliers ouverts \u00e0 tous<\/h3>\n<p style=\"text-align: left;\">En plus des cours hebdomadaires, l\u2019association propose certains samedis diff\u00e9rents ateliers, soit pour d\u00e9couvrir de nouvelles de pratiques de bien-\u00eatre, soit pour se perfectionner dans un domaine.<br \/>La plupart de ces ateliers accueillent aussi bien nos adh\u00e9rents que des personnes ext\u00e9rieures (voir public concern\u00e9, dans le tableau des ateliers).<\/p>\n<p><strong>Dates et horaires:<\/strong><\/p>\n<p style=\"text-align: center;\"><a href=\"https:\/\/www.yoga-sophrologie-taichi.fr\/wp-content\/uploads\/2025\/11\/Ateliers-Adultes-25-26-V2.pdf\" target=\"_blank\" rel=\"noopener\"><span style=\"color: #339966;\"><strong>Planning des ateliers<\/strong><\/span><\/a><\/p>\n<p><strong>Inscriptions:<\/strong><\/p>\n<p style=\"text-align: center;\"><span style=\"color: #339966;\"><strong><a style=\"color: #339966;\" href=\"https:\/\/a-msa-yoga-sophrologie-taiji-qigong.assoconnect.com\/collect\/description\/628068-u-ateliers-2025-2026\" target=\"_blank\" rel=\"noopener\">Inscription en ligne aux ateliers<\/a><\/strong><\/span><\/p>\n<h3 style=\"text-align: center;\">informations pratiques<\/h3>\n<p style=\"text-align: left;\"><strong>Inscription : <\/strong>Elle se fait en ligne avec paiement par carte bancaire, l&rsquo;inscription doit \u00eatre faite\u00a0 dernier d\u00e9lai deux jours avant l&rsquo;atelier (par exemple le jeudi dernier d\u00e9lai pour un atelier le samedi).\u00a0<\/p>\n<p style=\"text-align: left;\"><strong>Prix :<\/strong> Une participation est demand\u00e9e:<br \/>&#8211; Pour les ateliers : 15\u20ac par atelier.<\/p>\n<p><strong>Lieu et salle : <\/strong>Les ateliers ont lieu au REXY (31-33 rue Aroux, \u00e0 Mont-Saint-Aignan village) dans la salle polyvalente pour le yoga et au gymnase Berthelot (44 chemin des cottes) ou parfois en plein-air pour le TaiJi.<\/p>\n<p><strong>Date et heure<\/strong> : La date et l&rsquo;heure sont indiqu\u00e9es sur chaque tableau d&rsquo;ateliers.\u00a0<\/p>\n<p><strong>Animation<\/strong> : Ils sont anim\u00e9s par nos professeurs.<\/p>\n<p><strong>Suppression de l&rsquo;atelier en cas d&rsquo;effectif insuffisant<\/strong>: Si <strong>deux jours <\/strong>avant l&rsquo;atelier, le nombre d&rsquo;inscrits est <strong>inf\u00e9rieur \u00e0 4 personnes<\/strong>, il est alors supprim\u00e9, un courriel est envoy\u00e9 annulant l&rsquo;atelier et les inscrits sont rembours\u00e9s.<\/p>\n<p><strong>Effectif maximum d&rsquo;inscrits<\/strong> : L&rsquo;effectif maximum est de 15 en g\u00e9n\u00e9ral, il est de 20 pour le TaiJi. Au-del\u00e0 de ces effectifs, l&rsquo;inscription n&rsquo;est plus possible sur le site.<\/p>\n<p><strong>Mat\u00e9riel<\/strong> : Les affaires \u00e0 apporter sont pr\u00e9cis\u00e9es dans le tableau de pr\u00e9sentation des ateliers.<\/p>\n<p style=\"text-align: center;\">\u00a0<\/p>\n\n\n<p><\/p>\n","protected":false},"excerpt":{"rendered":"<p>Des ateliers ouverts \u00e0 tous En plus des cours hebdomadaires, l\u2019association propose certains samedis diff\u00e9rents ateliers, soit pour d\u00e9couvrir de nouvelles de pratiques de bien-\u00eatre, soit pour se perfectionner dans un domaine.La plupart de ces ateliers accueillent aussi bien nos adh\u00e9rents que des personnes ext\u00e9rieures (voir public concern\u00e9, dans le tableau des ateliers). Dates et [&hellip;]<\/p>\n","protected":false},"author":2,"featured_media":0,"parent":0,"menu_order":0,"comment_status":"closed","ping_status":"closed","template":"template-fullwidth.php","meta":{"footnotes":""},"class_list":["post-924","page","type-page","status-publish","hentry","post-preview"],"_links":{"self":[{"href":"https:\/\/www.yoga-sophrologie-taichi.fr\/newindex.php\/wp-json\/wp\/v2\/pages\/924","targetHints":{"allow":["GET"]}}],"collection":[{"href":"https:\/\/www.yoga-sophrologie-taichi.fr\/newindex.php\/wp-json\/wp\/v2\/pages"}],"about":[{"href":"https:\/\/www.yoga-sophrologie-taichi.fr\/newindex.php\/wp-json\/wp\/v2\/types\/page"}],"author":[{"embeddable":true,"href":"https:\/\/www.yoga-sophrologie-taichi.fr\/newindex.php\/wp-json\/wp\/v2\/users\/2"}],"replies":[{"embeddable":true,"href":"https:\/\/www.yoga-sophrologie-taichi.fr\/newindex.php\/wp-json\/wp\/v2\/comments?post=924"}],"version-history":[{"count":255,"href":"https:\/\/www.yoga-sophrologie-taichi.fr\/newindex.php\/wp-json\/wp\/v2\/pages\/924\/revisions"}],"predecessor-version":[{"id":2935,"href":"https:\/\/www.yoga-sophrologie-taichi.fr\/newindex.php\/wp-json\/wp\/v2\/pages\/924\/revisions\/2935"}],"wp:attachment":[{"href":"https:\/\/www.yoga-sophrologie-taichi.fr\/newindex.php\/wp-json\/wp\/v2\/media?parent=924"}],"curies":[{"name":"wp","href":"https:\/\/api.w.org\/{rel}","templated":true}]}}