{"id":497,"date":"2017-06-23T07:57:16","date_gmt":"2017-06-23T07:57:16","guid":{"rendered":"https:\/\/www.yoga-sophrologie-taichi.fr\/newindex.php\/?page_id=497"},"modified":"2025-10-11T08:46:24","modified_gmt":"2025-10-11T08:46:24","slug":"inscriptions","status":"publish","type":"page","link":"https:\/\/www.yoga-sophrologie-taichi.fr\/newindex.php\/inscriptions\/","title":{"rendered":"Inscriptions &#038; tarifs"},"content":{"rendered":"<h2><strong>Inscriptions 2025-2026\u00a0<\/strong><\/h2>\n<p>Les inscriptions aux cours (+ l&rsquo;adh\u00e9sion) se font en ligne avec paiement par carte bancaire en suivant le lien ci-dessous (ouverture mercredi 9 juillet)<b>:<\/b><\/p>\n<p style=\"text-align: center;\"><strong><span style=\"color: #ff0000;\">\u00a0<\/span><\/strong><a href=\"https:\/\/a-msa-yoga-sophrologie-taiji-qigong.assoconnect.com\/collect\/description\/586059-d-inscriptions-aux-cours-2025-2026\" target=\"_blank\" rel=\"noopener\"><span style=\"color: #339966;\">Inscription aux cours 2025-26<\/span><\/a><\/p>\n<p>Pour les personnes ne pouvant s&rsquo;inscrire en ligne avec carte bancaire, contactez votre professeur (voir page <a href=\"https:\/\/www.yoga-sophrologie-taichi.fr\/newindex.php\/contacts\/\" target=\"_blank\" rel=\"noopener noreferrer\">contacts<\/a>) ou t\u00e9l\u00e9chargez ici une <a href=\"https:\/\/www.yoga-sophrologie-taichi.fr\/wp-content\/uploads\/2025\/07\/inscription-papier-25-26-tarifs.pdf\" target=\"_blank\" rel=\"noopener\">fiche papier d&rsquo;inscription<\/a> que vous lui rendrez avec un ch\u00e8que. Nous souhaitons limiter au maximum le paiement par ch\u00e8que car cela demande beaucoup de temps \u00e0 notre tr\u00e9sori\u00e8re pour les traiter.<\/p>\n<p>Demandez ou t\u00e9l\u00e9chargez une <a href=\"http:\/\/www.yoga-sophrologie-taichi.fr\/wp-content\/uploads\/2018\/10\/fiche-sant\u00e9.pdf\" target=\"_blank\" rel=\"noopener noreferrer\">fiche sant\u00e9<\/a>\u00a0que vous remettrez \u00e0 chaque professeur.<\/p>\n<p>Si vous \u00eates absent \u00e0 la rentr\u00e9e,\u00a0 inscrivez-vous, mais informez aussi votre professeur (voir page <a href=\"https:\/\/www.yoga-sophrologie-taichi.fr\/newindex.php\/contacts\/\" target=\"_blank\" rel=\"noopener noreferrer\">contacts<\/a>) afin qu&rsquo;il sache votre inscription.<\/p>\n<h2>I<strong>nscription des nouveaux adh\u00e9rents<\/strong><\/h2>\n<p>Les personnes nouvelles qui souhaitent s&rsquo;inscrire \u00e0 un (ou plusieurs) cours, se pr\u00e9sentent au professeur lors du premier cours. Si le cours n&rsquo;est pas satur\u00e9, ils pourront suivre un cours gratuit d&rsquo;essai et le professeur leur indiquera la d\u00e9marche \u00e0 suivre pour s&rsquo;inscrire en ligne sur le site.\u00a0<\/p>\n<p>Une personne qui s&rsquo;inscrit, adh\u00e8re \u00e0 l&rsquo;association pour la dur\u00e9e de l&rsquo;ann\u00e9e scolaire\u00a0 ce qui lui permet de participer aux cours auxquels elle est inscrite pour cette p\u00e9riode sachant qu&rsquo;il n&rsquo;y a pas de cours pendant les vacances scolaires. Chaque cours dure une heure et demi.<\/p>\n<p><a href=\"https:\/\/www.yoga-sophrologie-taichi.fr\/newindex.php\/inscriptions\/nouvelle-inscription\/\" target=\"_blank\" rel=\"noopener\">plus de d\u00e9tails sur les inscriptions &#8230;<\/a><\/p>\n<h2><strong>Tarifs 2025-26<\/strong><\/h2>\n<p>Les tarifs d&rsquo;adh\u00e9sion et d&rsquo;inscription 2025-26 ont \u00e9t\u00e9 revaloris\u00e9s de 2% pour s&rsquo;adapter \u00e0 l&rsquo;augmentation de salaire des professeurs.<\/p>\n<p>Depuis 3 ans, sur demande de la mairie, nous diff\u00e9rencions les prix entre r\u00e9sidents et non r\u00e9sidents \u00e0 Mont-Saint-Aignan. Ainsi, la cotisation pour les r\u00e9sidents est de 3 \u20ac de moins que celle des non-r\u00e9sidents, ce qui couvre approximativement le montant de la subvention municipale.\u00a0<\/p>\n<h3>Pour un r\u00e9sident \u00e0 Mont-Saint-Aignan<\/h3>\n<p>Le tarif de base pour un cours est de <strong>237,60 \u20ac par an.<\/strong> Ce montant inclut la cotisation annuelle \u00e0 l&rsquo;association de <strong>12,60\u20ac <\/strong>et un cours hebdomadaire d&rsquo;une heure trente de<strong> 225 \u20ac.<\/strong>\u00a0<\/p>\n<h3>Pour un non r\u00e9sident \u00e0 Mont-Saint-Aignan<\/h3>\n<p>Le tarif de base pour un cours est de <strong>240,60 \u20ac par an.<\/strong> Ce montant inclut la cotisation annuelle \u00e0 l&rsquo;association de <strong>15 ,60\u20ac <\/strong>et un cours hebdomadaire d&rsquo;une heure trente de<strong> 225 \u20ac.\u00a0<\/strong><\/p>\n<h3>Tarifs r\u00e9duits pour les familles, les \u00e9tudiants et pour ceux qui s&rsquo;inscrivent \u00e0 plusieurs cours<\/h3>\n<ul>\n<li><strong>Tarif famille<\/strong> : pour les personnes adultes d&rsquo;un m\u00eame foyer (m\u00eame adresse), le prix pour un cours\u00a0 est de 180\u20ac, soit une r\u00e9duction forfaitaire de 45\u20ac sur le premier cours. ce qui fait un tarif de 2x(12,60\u20ac+180\u20ac) = 385,20\u20ac pour un couple de r\u00e9sidents prenant un cours chacun et 391,20 \u20ac si non-r\u00e9sident.<\/li>\n<li><strong>Tarif \u00e9tudiant<\/strong>: pour les \u00e9tudiants (sur pr\u00e9sentation* de la carte d&rsquo;\u00e9tudiant), le prix pour un cours\u00a0 est de 180\u20ac, soit une r\u00e9duction forfaitaire de 45\u20ac sur le premier cours. ce qui fait un tarif de 12,60\u20ac+180\u20ac = 192,60\u20ac pour un \u00e9tudiant r\u00e9sident et 195,60 \u20ac si non-r\u00e9sident.<br \/>(*)\u00a0<em> Lors de l&rsquo;inscription en ligne l&rsquo;\u00e9tudiant doit envoyer une copie de sa carte d&rsquo;\u00e9tudiant par mail au secr\u00e9taire (\u00a0<a href=\"mailto:yoga.msa@gmail.com\">yoga.msa@gmail.com<\/a>).<\/em><\/li>\n<li><strong>Tarif des cours suppl\u00e9mentaires:<\/strong>\u00a0 Le prix d&rsquo;un cours suppl\u00e9mentaire\u00a0 est de 138\u20ac, soit une r\u00e9duction forfaitaire de 87\u20ac pour chaque cours \u00e0 partir du 2\u00e8me. ce qui donne un tarif annuel d&rsquo;un r\u00e9sident prenant deux cours de 12,60\u20ac + 225\u20ac + 138\u20ac = 375,60\u20ac et de 378,60\u20ac pour un non-r\u00e9sident.<\/li>\n<\/ul>\n<p><a href=\"https:\/\/www.yoga-sophrologie-taichi.fr\/newindex.php\/tarifs\/\" target=\"_blank\" rel=\"noopener\">plus de d\u00e9tails sur les principes de l&rsquo;adh\u00e9sion et de tarifs &#8230;<\/a><\/p>\n<h3>Notre logiciel d&rsquo;inscription<\/h3>\n<p>En 2021, l&rsquo;association a d\u00e9cid\u00e9 d&rsquo;utiliser le logiciel AssoConnect pour g\u00e9rer les inscriptions.\u00a0<\/p>\n<p>Afin de conserver nos principes tarifaires initiaux tout en s&rsquo;adaptant au mode de fonctionnement d&rsquo;AssoConnect, le calcul des diff\u00e9rents tarifs a \u00e9t\u00e9 d\u00e9compos\u00e9 dans AssoConnect en 2 parties, le choix d&rsquo;une formule de base puis le choix des cours, comme montr\u00e9 dans le tableau ci-dessous.<\/p>\n<h3 style=\"text-align: left;\" align=\"center\">Exemples de\u00a0 calcul de tarif 2025-26<\/h3>\n<pre><strong>Pour une personne seule r\u00e9sidente \u00e0 Mt-St-Aignan:<\/strong>\n- un seul cours pris par une personne seule : 99,60\u20ac + 138\u20ac = 237,60\u20ac (ce qui \u00e9quivaut \u00e0 la cotisation 12,60\u20ac + un cours 225\u20ac)  \n- deux cours pour une personne seule : 99,60\u20ac + 2x138\u20ac = 375,60\u20ac (ce qui \u00e9quivaut \u00e0 la cotisation de 12,30\u20ac + le premier cours de 220,50\u20ac + le cours suppl\u00e9mentaire de 135\u20ac) \n- trois cours pour une personne seule : 99,60\u20ac + 3x138\u20ac = 513,60\u20ac (ce qui \u00e9quivaut \u00e0 la cotisation de 12,60\u20ac + le premier cours de 225\u20ac + deux cours suppl\u00e9mentaires de 138\u20ac)<br \/><br \/><strong>Pour un couple ou deux personnes d'un m\u00eame foyer de Mt-St-Aignan:<\/strong>\n- un cours pris pour le premier inscrit :  54,60\u20ac + 138\u20ac = 192,60\u20ac\n- un cours pris pour le deuxi\u00e8me inscrit:  54,60\u20ac + 138\u20ac = 192,60\u20ac<br \/>soit 385,20\u20ac pour le couple.<br \/><strong><br \/>Pour une personne seule non r\u00e9sidente \u00e0 Mt-St-Aignan:<br \/><\/strong> - un seul cours pris par une personne seule : 102,60\u20ac + 138\u20ac = 240,60\u20ac <br \/> - deux cours pour une personne seule : 102,60\u20ac + 2x138\u20ac = 378,60\u20ac<br \/> - trois cours pour une personne seule : 102,60\u20ac + 3x138\u20ac = 516,60\u20ac<\/pre>\n<h3>Inscription en cours d&rsquo;ann\u00e9e<\/h3>\n<p>Pour les <strong>personnes arrivant en cours d&rsquo;ann\u00e9e<\/strong>, l&rsquo;inscription reste possible. La cotisation annuelle pour adh\u00e9rer \u00e0 l&rsquo;association reste due en totalit\u00e9 mais une r\u00e9duction est appliqu\u00e9e sur les cours selon la p\u00e9riode de l&rsquo;arriv\u00e9e. (voir\u00a0 <a href=\"https:\/\/www.yoga-sophrologie-taichi.fr\/newindex.php\/tarifs\/\" target=\"_blank\" rel=\"noopener\">ici<\/a>).<\/p>\n<p><em>(*): En acc\u00e9dant au formulaire, j&rsquo;accepte, conform\u00e9ment \u00e0 loi RGPD, que les informations personnelles saisies soient utilis\u00e9es pour informer les professeurs et les membres du CA de votre inscription, pour communiquer avec vous\u00a0 et pour produire des statistiques anonymes en AG en fin d&rsquo;ann\u00e9e. Les informations personnelles demand\u00e9es sont : nom, pr\u00e9nom, adresse, t\u00e9l\u00e9phone, mail, date de naissance. Toute autre forme d&rsquo;inscription demande la m\u00eame acception.<\/em><\/p>\n\n\n<p><\/p>\n","protected":false},"excerpt":{"rendered":"<p>Inscriptions 2025-2026\u00a0 Les inscriptions aux cours (+ l&rsquo;adh\u00e9sion) se font en ligne avec paiement par carte bancaire en suivant le lien ci-dessous (ouverture mercredi 9 juillet): \u00a0Inscription aux cours 2025-26 Pour les personnes ne pouvant s&rsquo;inscrire en ligne avec carte bancaire, contactez votre professeur (voir page contacts) ou t\u00e9l\u00e9chargez ici une fiche papier d&rsquo;inscription que [&hellip;]<\/p>\n","protected":false},"author":2,"featured_media":0,"parent":0,"menu_order":0,"comment_status":"closed","ping_status":"closed","template":"template-fullwidth.php","meta":{"footnotes":""},"class_list":["post-497","page","type-page","status-publish","hentry","post-preview"],"_links":{"self":[{"href":"https:\/\/www.yoga-sophrologie-taichi.fr\/newindex.php\/wp-json\/wp\/v2\/pages\/497","targetHints":{"allow":["GET"]}}],"collection":[{"href":"https:\/\/www.yoga-sophrologie-taichi.fr\/newindex.php\/wp-json\/wp\/v2\/pages"}],"about":[{"href":"https:\/\/www.yoga-sophrologie-taichi.fr\/newindex.php\/wp-json\/wp\/v2\/types\/page"}],"author":[{"embeddable":true,"href":"https:\/\/www.yoga-sophrologie-taichi.fr\/newindex.php\/wp-json\/wp\/v2\/users\/2"}],"replies":[{"embeddable":true,"href":"https:\/\/www.yoga-sophrologie-taichi.fr\/newindex.php\/wp-json\/wp\/v2\/comments?post=497"}],"version-history":[{"count":153,"href":"https:\/\/www.yoga-sophrologie-taichi.fr\/newindex.php\/wp-json\/wp\/v2\/pages\/497\/revisions"}],"predecessor-version":[{"id":2906,"href":"https:\/\/www.yoga-sophrologie-taichi.fr\/newindex.php\/wp-json\/wp\/v2\/pages\/497\/revisions\/2906"}],"wp:attachment":[{"href":"https:\/\/www.yoga-sophrologie-taichi.fr\/newindex.php\/wp-json\/wp\/v2\/media?parent=497"}],"curies":[{"name":"wp","href":"https:\/\/api.w.org\/{rel}","templated":true}]}}