{"id":1742,"date":"2020-09-07T16:47:53","date_gmt":"2020-09-07T16:47:53","guid":{"rendered":"https:\/\/www.yoga-sophrologie-taichi.fr\/newindex.php\/?page_id=1742"},"modified":"2023-02-27T12:33:28","modified_gmt":"2023-02-27T12:33:28","slug":"gestion-des-listes","status":"publish","type":"page","link":"https:\/\/www.yoga-sophrologie-taichi.fr\/newindex.php\/gestion-des-listes\/","title":{"rendered":"Espace Profs"},"content":{"rendered":"\n<h6 class=\"has-accent-color has-text-color has-regular-font-size wp-block-heading\" style=\"text-transform:lowercase\"><a href=\"https:\/\/www.yoga-sophrologie-taichi.fr\/newindex.php\/gestion-des-listes\/2539-2\/\" data-type=\"URL\" data-id=\"https:\/\/www.yoga-sophrologie-taichi.fr\/newindex.php\/gestion-des-listes\/2539-2\/\">Journal des incidents<\/a> &#8211; acc\u00e8s prot\u00e9g\u00e9<\/h6>\n\n\n\n<p><a href=\"https:\/\/a-msa-yoga-sophrologie-taiji-qigong.assoconnect.com\/organization\/contacts\/305223\" target=\"_blank\" rel=\"noreferrer noopener\">Acc\u00e8s aux contacts<\/a><\/p>\n\n\n\n<p><a rel=\"noreferrer noopener\" href=\"https:\/\/a-msa-yoga-sophrologie-taiji-qigong.assoconnect.com\/platform\/organizations\/305223\" data-type=\"URL\" target=\"_blank\">Acc\u00e8s aux groupes<\/a><\/p>\n\n\n\n<p><a rel=\"noreferrer noopener\" href=\"https:\/\/a-msa-yoga-sophrologie-taiji-qigong.assoconnect.com\/attendance-list\/organizations\/305223\" target=\"_blank\">Acc\u00e8s aux fiches de pr\u00e9sence<\/a><\/p>\n\n\n\n<h2 class=\"has-text-align-center wp-block-heading\">Actualit\u00e9 &#8211; informations<\/h2>\n\n\n\n<p>Voici une <a rel=\"noreferrer noopener\" href=\"https:\/\/7a940772.flowpaper.com\/Presentationdesresultatspratiqueduyoga11052021SNPY\/#page=1\" target=\"_blank\">enqu\u00eate sur la pratique du yoga en France<\/a>, r\u00e9alis\u00e9e en mai 2021 par le syndicat national des professeurs de yoga <\/p>\n","protected":false},"excerpt":{"rendered":"<p>Journal des incidents &#8211; acc\u00e8s prot\u00e9g\u00e9 Acc\u00e8s aux contacts Acc\u00e8s aux groupes Acc\u00e8s aux fiches de pr\u00e9sence Actualit\u00e9 &#8211; informations Voici une enqu\u00eate sur la pratique du yoga en France, r\u00e9alis\u00e9e en mai 2021 par le syndicat national des professeurs de yoga<\/p>\n","protected":false},"author":2,"featured_media":0,"parent":0,"menu_order":0,"comment_status":"closed","ping_status":"closed","template":"template-fullwidth.php","meta":{"footnotes":""},"class_list":["post-1742","page","type-page","status-publish","hentry","post-preview"],"_links":{"self":[{"href":"https:\/\/www.yoga-sophrologie-taichi.fr\/newindex.php\/wp-json\/wp\/v2\/pages\/1742","targetHints":{"allow":["GET"]}}],"collection":[{"href":"https:\/\/www.yoga-sophrologie-taichi.fr\/newindex.php\/wp-json\/wp\/v2\/pages"}],"about":[{"href":"https:\/\/www.yoga-sophrologie-taichi.fr\/newindex.php\/wp-json\/wp\/v2\/types\/page"}],"author":[{"embeddable":true,"href":"https:\/\/www.yoga-sophrologie-taichi.fr\/newindex.php\/wp-json\/wp\/v2\/users\/2"}],"replies":[{"embeddable":true,"href":"https:\/\/www.yoga-sophrologie-taichi.fr\/newindex.php\/wp-json\/wp\/v2\/comments?post=1742"}],"version-history":[{"count":36,"href":"https:\/\/www.yoga-sophrologie-taichi.fr\/newindex.php\/wp-json\/wp\/v2\/pages\/1742\/revisions"}],"predecessor-version":[{"id":2207,"href":"https:\/\/www.yoga-sophrologie-taichi.fr\/newindex.php\/wp-json\/wp\/v2\/pages\/1742\/revisions\/2207"}],"wp:attachment":[{"href":"https:\/\/www.yoga-sophrologie-taichi.fr\/newindex.php\/wp-json\/wp\/v2\/media?parent=1742"}],"curies":[{"name":"wp","href":"https:\/\/api.w.org\/{rel}","templated":true}]}}