{"id":16,"date":"2015-04-09T20:57:10","date_gmt":"2015-04-09T20:57:10","guid":{"rendered":"https:\/\/yogasophrologietaichi.wordpress.com\/?page_id=16"},"modified":"2025-07-07T10:00:04","modified_gmt":"2025-07-07T10:00:04","slug":"contacts","status":"publish","type":"page","link":"https:\/\/www.yoga-sophrologie-taichi.fr\/newindex.php\/contacts\/","title":{"rendered":"Contacts"},"content":{"rendered":"<ul>\n<li>par courriel : <a href=\"mailto:yoga.msa@gmail.com\">yoga.msa@gmail.com<\/a><\/li>\n<li>par la poste : A MSA Yoga<br \/><a href=\"https:\/\/www.google.fr\/maps\/place\/centre+sportif+des+Coquets\/@49.4650519,1.073148,17z\/data=!3m1!4b1!4m5!3m4!1s0x47e0dd9386b0eae3:0x23f319bf34e7d82e!8m2!3d49.4650519!4d1.0753367\" target=\"_blank\" rel=\"noopener noreferrer\">Centre Sportif des Coquets<\/a><br \/>8 rue du professeur Fleury<br \/>76130 MONT SAINT AIGNAN<\/li>\n<\/ul>\n<p><strong>La pr\u00e9sidente<\/strong> : Isabelle Edin-Klaes<\/p>\n<ul>\n<li>courriel : <a href=\"mailto:presidence.yoga.taichi.sophro@gmail.com\" target=\"_blank\" rel=\"noopener\">presidence.yoga.taichi.sophro@gmail.com<\/a><\/li>\n<\/ul>\n<p><strong>Le secr\u00e9taire:<\/strong> Michel Esnault<\/p>\n<ul>\n<li>courriel : <a href=\"mailto:yoga.msa@gmail.com\">yoga.msa@gmail.com<\/a><\/li>\n<\/ul>\n<p><strong>Pour contacter vos professeurs:<\/strong><\/p>\n\n\n<figure class=\"wp-block-table is-style-stripes\"><table><thead><tr><th><strong>Professeur<\/strong><\/th><th><strong>Sp\u00e9cialit\u00e9<\/strong>            <\/th><th><strong>Ecole<\/strong><\/th><th><strong>Contact<\/strong><\/th><\/tr><\/thead><tbody><tr><td>Marie-Th\u00e9r\u00e8se Boucher<\/td><td>Yoga<\/td><td> FFHY(*) <\/td><td><a href=\"mailto:boucher-marietherese@wanadoo.fr\">boucher-marietherese@wanadoo.fr<\/a><\/td><\/tr><tr><td>Marie-H\u00e9l\u00e8ne Corlaix<\/td><td>Yoga<\/td><td>FFHY<\/td><td>&nbsp;<a href=\"mailto:marie-helene.corlaix@wanadoo.fr\">marie-helene.corlaix@wanadoo.fr<\/a><\/td><\/tr><tr><td>Joanne Ralitera<\/td><td>Yoga<\/td><td>FFHY<\/td><td>&nbsp;<a href=\"mailto:joanne.ralitera@orange.fr\">joanne.ralitera@orange.fr<\/a><\/td><\/tr><tr><td>Sophie Dumont<\/td><td>Sophrologie<\/td><td>CFFP (***)<\/td><td><a rel=\"noreferrer noopener\" href=\"mailto:sosophro.dumont@gmail.com\" target=\"_blank\">sosophro.dumont@gmail.com<\/a><\/td><\/tr><tr><td>Sa\u00efd Berrichi<\/td><td>Tai Ji, Qi Gong<\/td><td>Ecole Yang<\/td><td><a href=\"mailto:said.berrichi@wanadoo.fr\">said.berrichi@wanadoo.fr<br><\/a>Tel. 06 03 17 59 81<\/td><\/tr><tr><td><meta charset=\"utf-8\">Pierre Coustham<\/td><td><meta charset=\"utf-8\">Tai Ji <\/td><td>Yang et Shen<\/td><td><a rel=\"noreferrer noopener\" href=\"http:\/\/taichi-pierrecoustham.fr\/\" target=\"_blank\"><\/a><a rel=\"noreferrer noopener\" target=\"_blank\" href=\"mailto:pierre.coustham@gmail.com\">pierre.coustham@gmail.com<\/a><\/td><\/tr><tr><td><meta charset=\"utf-8\">Sylvie Leclerc<\/td><td><meta charset=\"utf-8\">Tai Ji <\/td><td>Yang<\/td><td><a rel=\"noreferrer noopener\" href=\"mailto:Sylvie-leclerc@orange.fr\" target=\"_blank\">sylvie-leclerc@orange.fr<\/a><\/td><\/tr><tr><td>St\u00e9phanie Wallet<\/td><td>Yoga<\/td><td>FFHY<\/td><td><a href=\"mailto:stephanie.wallet@hotmail.fr\" target=\"_blank\" rel=\"noreferrer noopener\">stephanie.wallet@hotmail.fr<\/a><\/td><\/tr><\/tbody><\/table><figcaption class=\"wp-element-caption\">(*): F\u00e9d\u00e9ration Fran\u00e7aise de Hatha Yoga<br>(**): Recherche Yoga pour l&rsquo;\u00c9ducation<\/figcaption><\/figure>\n\n\n\n<p class=\"has-text-align-center\">(***) Centre Formation des Sophrologues professionnels<\/p>\n\n\n\n<p><\/p>\n","protected":false},"excerpt":{"rendered":"<p>par courriel : yoga.msa@gmail.com par la poste : A MSA YogaCentre Sportif des Coquets8 rue du professeur Fleury76130 MONT SAINT AIGNAN La pr\u00e9sidente : Isabelle Edin-Klaes courriel : presidence.yoga.taichi.sophro@gmail.com Le secr\u00e9taire: Michel Esnault courriel : yoga.msa@gmail.com Pour contacter vos professeurs: Professeur Sp\u00e9cialit\u00e9 Ecole Contact Marie-Th\u00e9r\u00e8se Boucher Yoga FFHY(*) boucher-marietherese@wanadoo.fr Marie-H\u00e9l\u00e8ne Corlaix Yoga FFHY &nbsp;marie-helene.corlaix@wanadoo.fr Joanne [&hellip;]<\/p>\n","protected":false},"author":2,"featured_media":0,"parent":0,"menu_order":0,"comment_status":"closed","ping_status":"closed","template":"template-fullwidth.php","meta":{"footnotes":""},"class_list":["post-16","page","type-page","status-publish","hentry","post-preview"],"_links":{"self":[{"href":"https:\/\/www.yoga-sophrologie-taichi.fr\/newindex.php\/wp-json\/wp\/v2\/pages\/16","targetHints":{"allow":["GET"]}}],"collection":[{"href":"https:\/\/www.yoga-sophrologie-taichi.fr\/newindex.php\/wp-json\/wp\/v2\/pages"}],"about":[{"href":"https:\/\/www.yoga-sophrologie-taichi.fr\/newindex.php\/wp-json\/wp\/v2\/types\/page"}],"author":[{"embeddable":true,"href":"https:\/\/www.yoga-sophrologie-taichi.fr\/newindex.php\/wp-json\/wp\/v2\/users\/2"}],"replies":[{"embeddable":true,"href":"https:\/\/www.yoga-sophrologie-taichi.fr\/newindex.php\/wp-json\/wp\/v2\/comments?post=16"}],"version-history":[{"count":34,"href":"https:\/\/www.yoga-sophrologie-taichi.fr\/newindex.php\/wp-json\/wp\/v2\/pages\/16\/revisions"}],"predecessor-version":[{"id":2880,"href":"https:\/\/www.yoga-sophrologie-taichi.fr\/newindex.php\/wp-json\/wp\/v2\/pages\/16\/revisions\/2880"}],"wp:attachment":[{"href":"https:\/\/www.yoga-sophrologie-taichi.fr\/newindex.php\/wp-json\/wp\/v2\/media?parent=16"}],"curies":[{"name":"wp","href":"https:\/\/api.w.org\/{rel}","templated":true}]}}