{"id":1149,"date":"2019-07-03T15:38:20","date_gmt":"2019-07-03T15:38:20","guid":{"rendered":"https:\/\/www.yoga-sophrologie-taichi.fr\/newindex.php\/?page_id=1149"},"modified":"2022-07-04T09:44:57","modified_gmt":"2022-07-04T09:44:57","slug":"nouvelle-inscription","status":"publish","type":"page","link":"https:\/\/www.yoga-sophrologie-taichi.fr\/newindex.php\/inscriptions\/nouvelle-inscription\/","title":{"rendered":"Inscription des nouveaux adh\u00e9rents"},"content":{"rendered":"<p><!--more--><\/p>\n<ul>\n<li>D\u00e8s la rentr\u00e9e, pr\u00e9sentez-vous aux cours que vous avez choisis de suivre (voir page des <a href=\"https:\/\/www.yoga-sophrologie-taichi.fr\/newindex.php\/horaires-de-rentree\/\">horaires<\/a>)<\/li>\n<li>Le professeur d\u00e9cidera si vous pouvez vous inscrire en ligne dans son cours.<\/li>\n<li><strong>L&rsquo;inscription s&rsquo;effectue \u00e0 partir du lien sur la page \u00ab\u00a0Inscription &amp; Tarifs\u00a0\u00bb. Le paiement en ligne se fait par carte bancaire<\/strong>, Vous pouvez choisir de le\u00a0 fractionner en trois pr\u00e9l\u00e8vements mensuels. Un mail de confirmation automatique est envoy\u00e9 (si vous ne le recevez pas, regardez dans vos spams ou dans les ind\u00e9sirables, sinon pr\u00e9venez notre secr\u00e9taire par mail ou par t\u00e9l\u00e9phone).<\/li>\n<li>Pour ceux qui ne peuvent pas payer par carte bancaire, consultez votre professeur ou la personne charg\u00e9e du secr\u00e9tariat.<\/li>\n<li><strong>Par ailleurs, remplissez\u00a0et signez la fiche sant\u00e9\u00a0que vous pouvez\u00a0\u00a0<strong><a href=\"http:\/\/www.yoga-sophrologie-taichi.fr\/wp-content\/uploads\/2018\/10\/fiche-sant%C3%A9.pdf\" target=\"_blank\" rel=\"noopener noreferrer\">t\u00e9l\u00e9charger <\/a><\/strong><a href=\"http:\/\/www.yoga-sophrologie-taichi.fr\/wp-content\/uploads\/2018\/10\/fiche-sant\u00e9.pdf\">ici<\/a>\u00a0ou que vous demanderez \u00e0 votre professeur,<\/strong>\u00a0remettez un exemplaire\u00a0\u00e0 chacun de vos professeurs. Cette fiche est confidentielle, elle est conserv\u00e9e par le professeur seulement durant l&rsquo;ann\u00e9e de votre inscription.<\/li>\n<\/ul>\n\n\n<p><\/p>\n","protected":false},"excerpt":{"rendered":"","protected":false},"author":2,"featured_media":0,"parent":497,"menu_order":0,"comment_status":"closed","ping_status":"closed","template":"template-fullwidth.php","meta":{"footnotes":""},"class_list":["post-1149","page","type-page","status-publish","hentry","post-preview"],"_links":{"self":[{"href":"https:\/\/www.yoga-sophrologie-taichi.fr\/newindex.php\/wp-json\/wp\/v2\/pages\/1149","targetHints":{"allow":["GET"]}}],"collection":[{"href":"https:\/\/www.yoga-sophrologie-taichi.fr\/newindex.php\/wp-json\/wp\/v2\/pages"}],"about":[{"href":"https:\/\/www.yoga-sophrologie-taichi.fr\/newindex.php\/wp-json\/wp\/v2\/types\/page"}],"author":[{"embeddable":true,"href":"https:\/\/www.yoga-sophrologie-taichi.fr\/newindex.php\/wp-json\/wp\/v2\/users\/2"}],"replies":[{"embeddable":true,"href":"https:\/\/www.yoga-sophrologie-taichi.fr\/newindex.php\/wp-json\/wp\/v2\/comments?post=1149"}],"version-history":[{"count":9,"href":"https:\/\/www.yoga-sophrologie-taichi.fr\/newindex.php\/wp-json\/wp\/v2\/pages\/1149\/revisions"}],"predecessor-version":[{"id":2380,"href":"https:\/\/www.yoga-sophrologie-taichi.fr\/newindex.php\/wp-json\/wp\/v2\/pages\/1149\/revisions\/2380"}],"up":[{"embeddable":true,"href":"https:\/\/www.yoga-sophrologie-taichi.fr\/newindex.php\/wp-json\/wp\/v2\/pages\/497"}],"wp:attachment":[{"href":"https:\/\/www.yoga-sophrologie-taichi.fr\/newindex.php\/wp-json\/wp\/v2\/media?parent=1149"}],"curies":[{"name":"wp","href":"https:\/\/api.w.org\/{rel}","templated":true}]}}